{"id":64,"date":"2018-02-01T08:30:14","date_gmt":"2018-02-01T07:30:14","guid":{"rendered":"https:\/\/catechese.ch\/?page_id=64"},"modified":"2020-03-24T08:52:49","modified_gmt":"2020-03-24T07:52:49","slug":"liens-portail-romand-dinformation-catechese","status":"publish","type":"page","link":"https:\/\/catechese.ch\/?page_id=64","title":{"rendered":"LIENS \u2014 portail romand d\u2019information sur la cat\u00e9ch\u00e8se"},"content":{"rendered":"<h2>Au niveau romand:<\/h2>\n<table>\n<tbody>\n<tr>\n<td><img decoding=\"async\" src=\"http:\/\/www.catechese-ge.ch\/files\/cropped-logo-godlyplay-vert-sable.png\" height=\"50\" \/><\/td>\n<td><a href=\"http:\/\/www.godlyplay.ch\" target=\"_blank\" rel=\"noopener noreferrer\">Association Godly Play Suisse romande<\/a><\/td>\n<\/tr>\n<tr>\n<td><img decoding=\"async\" src=\"http:\/\/www.catechese-ge.ch\/files\/Capture-dc-cran-2014-06-11-14.04.48.png\" height=\"50\" \/><\/td>\n<td><a href=\"http:\/\/cbov.ch\/\">Camp biblique \u0153cum\u00e9nique de Vaumarcus &#8211; NE<\/a><\/td>\n<\/tr>\n<tr>\n<td><\/td>\n<td><a href=\"http:\/\/www.ligue.ch\/\">Ligue pour la lecture de la Bible, Suisse<\/a><\/td>\n<\/tr>\n<\/tbody>\n<\/table>\n<h2>Fribourg<\/h2>\n<table>\n<tbody>\n<tr>\n<td><img decoding=\"async\" src=\"http:\/\/www.catechese-ge.ch\/files\/Capture-dc-cran-2014-06-11-13.24.40.png\" height=\"50\" \/><\/td>\n<td><a href=\"https:\/\/scccf.ch\">Service catholique de la Cat\u00e9ch\u00e8se et du Cat\u00e9chum\u00e9nat, Fribourg<\/a><\/td>\n<\/tr>\n<tr>\n<td><\/td>\n<td><a href=\"https:\/\/www.ref-fr.ch\/animation-jeunesse\">Service cantonal de la jeunesse &#8211; Eglise \u00e9vang\u00e9lique r\u00e9form\u00e9e, Fribourg<\/a><\/td>\n<\/tr>\n<\/tbody>\n<\/table>\n<h2>Gen\u00e8ve<\/h2>\n<table>\n<tbody>\n<tr>\n<td><img decoding=\"async\" src=\"http:\/\/www.catechese-ge.ch\/files\/COEC.png\" height=\"50\" \/><\/td>\n<td><a href=\"http:\/\/www.coec.ch\">Centre \u0153cum\u00e9nique de cat\u00e9ch\u00e8se<\/a><\/td>\n<\/tr>\n<tr>\n<td><img decoding=\"async\" src=\"http:\/\/www.catechese-ge.ch\/files\/ECR.png\" height=\"50\" \/><\/td>\n<td><a href=\"http:\/\/www.catechese-ge.ch\">Service Catholique de Cat\u00e9ch\u00e8se, Gen\u00e8ve<\/a><\/td>\n<\/tr>\n<tr>\n<td><\/td>\n<td><a href=\"http:\/\/enfance.epg.ch\/\">Enfance &#8211; Eglise protestante de Gen\u00e8ve<\/a><\/td>\n<\/tr>\n<tr>\n<td><\/td>\n<td><a href=\"http:\/\/jeunesse.epg.ch\/\">Jeunesse &#8211; Eglise protestante de Gen\u00e8ve<\/a><\/td>\n<\/tr>\n<tr>\n<td><img decoding=\"async\" src=\"http:\/\/www.catechese-ge.ch\/files\/Capture-dc-cran-2014-06-11-09.16.43.png\" height=\"50\" \/><\/td>\n<td><a href=\"http:\/\/www.aotge.ch\/site\/index.php\">AOT Atelier \u0153cum\u00e9nique de th\u00e9ologie<\/a><\/td>\n<\/tr>\n<tr>\n<td><img decoding=\"async\" src=\"http:\/\/www.catechese-ge.ch\/files\/PJGE.png\" height=\"50\" \/><\/td>\n<td><a href=\"http:\/\/www.pjge.ch\">Pastorale des Jeunes (catholique \u00e0 Gen\u00e8ve)<\/a><\/td>\n<\/tr>\n<tr>\n<td><img decoding=\"async\" src=\"http:\/\/www.catechese-ge.ch\/files\/MANHU.png\" height=\"50\" \/><\/td>\n<td><a href=\"http:\/\/man-hu.ch\">Man H\u00fb<\/a><\/td>\n<\/tr>\n<tr>\n<td><img decoding=\"async\" src=\"http:\/\/www.catechese-ge.ch\/files\/COSMG.png\" height=\"50\" \/><\/td>\n<td><a href=\"http:\/\/www.cosm-sogs.ch\">Communaute des sourds et malentendants de Gen\u00e8ve<\/a><\/td>\n<\/tr>\n<\/tbody>\n<\/table>\n<h2>Jura<\/h2>\n<table>\n<tbody>\n<tr>\n<td><\/td>\n<td><a href=\"http:\/\/www.jurapastoral.ch\/jura-pastoral\/Orientations-pastorales\/Unites-pastorales\/Saints-Pierre-et-Paul\/Catechese.html\">Centre cat\u00e9ch\u00e9tique du Jura pastoral<\/a><\/td>\n<\/tr>\n<tr>\n<td><\/td>\n<td><a href=\"http:\/\/www.egliserefju.ch\/\">\u00c9glis\u00e9 r\u00e9form\u00e9e \u00e9vang\u00e9lique, Jura<\/a><\/td>\n<\/tr>\n<\/tbody>\n<\/table>\n<h2>Neuch\u00e2tel<\/h2>\n<table>\n<tbody>\n<tr>\n<td><img decoding=\"async\" src=\"http:\/\/www.catechese-ge.ch\/files\/Capture-dc-cran-2014-06-11-13.23.00.png\" height=\"50\" \/><\/td>\n<td><a href=\"http:\/\/www.cath-ne.ch\/#%21catechse-et-catechumenat\/chku\">Service catholique cat\u00e9ch\u00e8se Neuch\u00e2tel<\/a><\/td>\n<\/tr>\n<tr>\n<td><\/td>\n<td><a href=\"https:\/\/www.eren.ch\/jeunesse\/catechisme\/\">Le cat\u00e9chisme &#8211; Eglise r\u00e9form\u00e9e \u00e9vang\u00e9lique du canton de Neuch\u00e2tel<\/a><\/td>\n<\/tr>\n<\/tbody>\n<\/table>\n<h2>Valais<\/h2>\n<table>\n<tbody>\n<tr>\n<td><img decoding=\"async\" src=\"http:\/\/www.catechese-ge.ch\/files\/Capture-dc-cran-2014-06-11-13.52.23.png\" height=\"50\" \/><\/td>\n<td><a href=\"http:\/\/catesion.com\/\">Service catholique cat\u00e9ch\u00e8se, Valais<\/a><\/td>\n<\/tr>\n<tr>\n<td><\/td>\n<td><a href=\"http:\/\/www.erev.ch\/default\/index\/index\/id\/9154\">Commission Jeunesse &#8211; Eglise r\u00e9form\u00e9e \u00e9vang\u00e9lique du Valais<\/a><\/td>\n<\/tr>\n<\/tbody>\n<\/table>\n<h2>Vaud<\/h2>\n<table>\n<tbody>\n<tr>\n<td><\/td>\n<td><a href=\"http:\/\/www.cidoc.ch\/\">Centre pour l&rsquo;information et la documentation chr\u00e9tiennes<\/a><\/td>\n<\/tr>\n<tr>\n<td><img decoding=\"async\" src=\"http:\/\/www.catechese-ge.ch\/files\/Capture-dc-cran-2014-06-11-13.50.35.png\" height=\"50\" \/><\/td>\n<td><a href=\"http:\/\/www.cath-vd.ch\/Le-Service-Catholique-de-Catechese.html\">Service catholique cat\u00e9ch\u00e8se, Vaud<\/a><\/td>\n<\/tr>\n<tr>\n<td><\/td>\n<td><a href=\"http:\/\/enfance.eerv.ch\/\">Enfance &#8211; Eglise \u00e9vangelique r\u00e9form\u00e9e du canton de Vaud<\/a><\/td>\n<\/tr>\n<tr>\n<td><\/td>\n<td><a href=\"http:\/\/http:\/\/jeunesse.eerv.ch\/\">Jeunesse &#8211; Eglise \u00e9vangelique r\u00e9form\u00e9e du canton de Vaud<\/a><\/td>\n<\/tr>\n<\/tbody>\n<\/table>\n<h2>International<\/h2>\n<table>\n<tbody>\n<tr>\n<td><img decoding=\"async\" src=\"http:\/\/www.catechese-ge.ch\/files\/TAIZE.png\" height=\"50\" \/><\/td>\n<td><a href=\"http:\/\/www.taize.fr\/fr\">Taiz\u00e9<\/a><\/td>\n<\/tr>\n<tr>\n<td><img decoding=\"async\" src=\"http:\/\/www.catechese-ge.ch\/files\/GODLYPLAY.png\" height=\"50\" \/><\/td>\n<td><a href=\"http:\/\/www.godlyplayfoundation.org\/newsite\/Main.php\">Godly Play, fondation international<\/a><\/td>\n<\/tr>\n<\/tbody>\n<\/table>\n","protected":false},"excerpt":{"rendered":"<p>Au niveau romand: Association Godly Play Suisse romande Camp biblique \u0153cum\u00e9nique de Vaumarcus &#8211; NE Ligue pour la lecture de la Bible, Suisse Fribourg Service catholique de la Cat\u00e9ch\u00e8se et du Cat\u00e9chum\u00e9nat, Fribourg Service cantonal de la jeunesse &#8211; Eglise \u00e9vang\u00e9lique r\u00e9form\u00e9e, Fribourg Gen\u00e8ve Centre \u0153cum\u00e9nique de cat\u00e9ch\u00e8se Service Catholique de Cat\u00e9ch\u00e8se, Gen\u00e8ve Enfance &#8211; &hellip; <\/p>\n<p class=\"link-more\"><a href=\"https:\/\/catechese.ch\/?page_id=64\" class=\"more-link\">Continuer la lecture<span class=\"screen-reader-text\"> de &laquo;&nbsp;LIENS \u2014 portail romand d\u2019information sur la cat\u00e9ch\u00e8se&nbsp;&raquo;<\/span><\/a><\/p>\n","protected":false},"author":2,"featured_media":0,"parent":0,"menu_order":0,"comment_status":"closed","ping_status":"closed","template":"","meta":{"footnotes":""},"class_list":["post-64","page","type-page","status-publish","hentry"],"yoast_head":"<!-- This site is optimized with the Yoast SEO plugin v23.5 - https:\/\/yoast.com\/wordpress\/plugins\/seo\/ -->\n<title>LIENS \u2014 portail romand d\u2019information sur la cat\u00e9ch\u00e8se - catechese.ch<\/title>\n<meta name=\"robots\" content=\"index, follow, max-snippet:-1, max-image-preview:large, max-video-preview:-1\" \/>\n<link rel=\"canonical\" href=\"https:\/\/catechese.ch\/?page_id=64\" \/>\n<meta property=\"og:locale\" content=\"fr_FR\" \/>\n<meta property=\"og:type\" content=\"article\" \/>\n<meta property=\"og:title\" content=\"LIENS \u2014 portail romand d\u2019information sur la cat\u00e9ch\u00e8se - catechese.ch\" \/>\n<meta property=\"og:description\" content=\"Au niveau romand: Association Godly Play Suisse romande Camp biblique \u0153cum\u00e9nique de Vaumarcus &#8211; NE Ligue pour la lecture de la Bible, Suisse Fribourg Service catholique de la Cat\u00e9ch\u00e8se et du Cat\u00e9chum\u00e9nat, Fribourg Service cantonal de la jeunesse &#8211; Eglise \u00e9vang\u00e9lique r\u00e9form\u00e9e, Fribourg Gen\u00e8ve Centre \u0153cum\u00e9nique de cat\u00e9ch\u00e8se Service Catholique de Cat\u00e9ch\u00e8se, Gen\u00e8ve Enfance &#8211; &hellip; Continuer la lecture de &laquo;&nbsp;LIENS \u2014 portail romand d\u2019information sur la cat\u00e9ch\u00e8se&nbsp;&raquo;\" \/>\n<meta property=\"og:url\" content=\"https:\/\/catechese.ch\/?page_id=64\" \/>\n<meta property=\"og:site_name\" content=\"catechese.ch\" \/>\n<meta property=\"article:modified_time\" content=\"2020-03-24T07:52:49+00:00\" \/>\n<meta property=\"og:image\" content=\"http:\/\/www.catechese-ge.ch\/files\/cropped-logo-godlyplay-vert-sable.png\" \/>\n<meta name=\"twitter:card\" content=\"summary_large_image\" \/>\n<meta name=\"twitter:label1\" content=\"Dur\u00e9e de lecture estim\u00e9e\" \/>\n\t<meta name=\"twitter:data1\" content=\"1 minute\" \/>\n<script type=\"application\/ld+json\" class=\"yoast-schema-graph\">{\"@context\":\"https:\/\/schema.org\",\"@graph\":[{\"@type\":\"WebPage\",\"@id\":\"https:\/\/catechese.ch\/?page_id=64\",\"url\":\"https:\/\/catechese.ch\/?page_id=64\",\"name\":\"LIENS \u2014 portail romand d\u2019information sur la cat\u00e9ch\u00e8se - catechese.ch\",\"isPartOf\":{\"@id\":\"https:\/\/catechese.ch\/#website\"},\"primaryImageOfPage\":{\"@id\":\"https:\/\/catechese.ch\/?page_id=64#primaryimage\"},\"image\":{\"@id\":\"https:\/\/catechese.ch\/?page_id=64#primaryimage\"},\"thumbnailUrl\":\"http:\/\/www.catechese-ge.ch\/files\/cropped-logo-godlyplay-vert-sable.png\",\"datePublished\":\"2018-02-01T07:30:14+00:00\",\"dateModified\":\"2020-03-24T07:52:49+00:00\",\"breadcrumb\":{\"@id\":\"https:\/\/catechese.ch\/?page_id=64#breadcrumb\"},\"inLanguage\":\"fr-FR\",\"potentialAction\":[{\"@type\":\"ReadAction\",\"target\":[\"https:\/\/catechese.ch\/?page_id=64\"]}]},{\"@type\":\"ImageObject\",\"inLanguage\":\"fr-FR\",\"@id\":\"https:\/\/catechese.ch\/?page_id=64#primaryimage\",\"url\":\"http:\/\/www.catechese-ge.ch\/files\/cropped-logo-godlyplay-vert-sable.png\",\"contentUrl\":\"http:\/\/www.catechese-ge.ch\/files\/cropped-logo-godlyplay-vert-sable.png\"},{\"@type\":\"BreadcrumbList\",\"@id\":\"https:\/\/catechese.ch\/?page_id=64#breadcrumb\",\"itemListElement\":[{\"@type\":\"ListItem\",\"position\":1,\"name\":\"Home\",\"item\":\"https:\/\/catechese.ch\/\"},{\"@type\":\"ListItem\",\"position\":2,\"name\":\"LIENS \u2014 portail romand d\u2019information sur la cat\u00e9ch\u00e8se\"}]},{\"@type\":\"WebSite\",\"@id\":\"https:\/\/catechese.ch\/#website\",\"url\":\"https:\/\/catechese.ch\/\",\"name\":\"catechese.ch\",\"description\":\"Le portail romand d&#039;information sur la cat\u00e9ch\u00e8se\",\"potentialAction\":[{\"@type\":\"SearchAction\",\"target\":{\"@type\":\"EntryPoint\",\"urlTemplate\":\"https:\/\/catechese.ch\/?s={search_term_string}\"},\"query-input\":{\"@type\":\"PropertyValueSpecification\",\"valueRequired\":true,\"valueName\":\"search_term_string\"}}],\"inLanguage\":\"fr-FR\"}]}<\/script>\n<!-- \/ Yoast SEO plugin. -->","yoast_head_json":{"title":"LIENS \u2014 portail romand d\u2019information sur la cat\u00e9ch\u00e8se - catechese.ch","robots":{"index":"index","follow":"follow","max-snippet":"max-snippet:-1","max-image-preview":"max-image-preview:large","max-video-preview":"max-video-preview:-1"},"canonical":"https:\/\/catechese.ch\/?page_id=64","og_locale":"fr_FR","og_type":"article","og_title":"LIENS \u2014 portail romand d\u2019information sur la cat\u00e9ch\u00e8se - catechese.ch","og_description":"Au niveau romand: Association Godly Play Suisse romande Camp biblique \u0153cum\u00e9nique de Vaumarcus &#8211; NE Ligue pour la lecture de la Bible, Suisse Fribourg Service catholique de la Cat\u00e9ch\u00e8se et du Cat\u00e9chum\u00e9nat, Fribourg Service cantonal de la jeunesse &#8211; Eglise \u00e9vang\u00e9lique r\u00e9form\u00e9e, Fribourg Gen\u00e8ve Centre \u0153cum\u00e9nique de cat\u00e9ch\u00e8se Service Catholique de Cat\u00e9ch\u00e8se, Gen\u00e8ve Enfance &#8211; &hellip; Continuer la lecture de &laquo;&nbsp;LIENS \u2014 portail romand d\u2019information sur la cat\u00e9ch\u00e8se&nbsp;&raquo;","og_url":"https:\/\/catechese.ch\/?page_id=64","og_site_name":"catechese.ch","article_modified_time":"2020-03-24T07:52:49+00:00","og_image":[{"url":"http:\/\/www.catechese-ge.ch\/files\/cropped-logo-godlyplay-vert-sable.png"}],"twitter_card":"summary_large_image","twitter_misc":{"Dur\u00e9e de lecture estim\u00e9e":"1 minute"},"schema":{"@context":"https:\/\/schema.org","@graph":[{"@type":"WebPage","@id":"https:\/\/catechese.ch\/?page_id=64","url":"https:\/\/catechese.ch\/?page_id=64","name":"LIENS \u2014 portail romand d\u2019information sur la cat\u00e9ch\u00e8se - catechese.ch","isPartOf":{"@id":"https:\/\/catechese.ch\/#website"},"primaryImageOfPage":{"@id":"https:\/\/catechese.ch\/?page_id=64#primaryimage"},"image":{"@id":"https:\/\/catechese.ch\/?page_id=64#primaryimage"},"thumbnailUrl":"http:\/\/www.catechese-ge.ch\/files\/cropped-logo-godlyplay-vert-sable.png","datePublished":"2018-02-01T07:30:14+00:00","dateModified":"2020-03-24T07:52:49+00:00","breadcrumb":{"@id":"https:\/\/catechese.ch\/?page_id=64#breadcrumb"},"inLanguage":"fr-FR","potentialAction":[{"@type":"ReadAction","target":["https:\/\/catechese.ch\/?page_id=64"]}]},{"@type":"ImageObject","inLanguage":"fr-FR","@id":"https:\/\/catechese.ch\/?page_id=64#primaryimage","url":"http:\/\/www.catechese-ge.ch\/files\/cropped-logo-godlyplay-vert-sable.png","contentUrl":"http:\/\/www.catechese-ge.ch\/files\/cropped-logo-godlyplay-vert-sable.png"},{"@type":"BreadcrumbList","@id":"https:\/\/catechese.ch\/?page_id=64#breadcrumb","itemListElement":[{"@type":"ListItem","position":1,"name":"Home","item":"https:\/\/catechese.ch\/"},{"@type":"ListItem","position":2,"name":"LIENS \u2014 portail romand d\u2019information sur la cat\u00e9ch\u00e8se"}]},{"@type":"WebSite","@id":"https:\/\/catechese.ch\/#website","url":"https:\/\/catechese.ch\/","name":"catechese.ch","description":"Le portail romand d&#039;information sur la cat\u00e9ch\u00e8se","potentialAction":[{"@type":"SearchAction","target":{"@type":"EntryPoint","urlTemplate":"https:\/\/catechese.ch\/?s={search_term_string}"},"query-input":{"@type":"PropertyValueSpecification","valueRequired":true,"valueName":"search_term_string"}}],"inLanguage":"fr-FR"}]}},"_links":{"self":[{"href":"https:\/\/catechese.ch\/index.php?rest_route=\/wp\/v2\/pages\/64"}],"collection":[{"href":"https:\/\/catechese.ch\/index.php?rest_route=\/wp\/v2\/pages"}],"about":[{"href":"https:\/\/catechese.ch\/index.php?rest_route=\/wp\/v2\/types\/page"}],"author":[{"embeddable":true,"href":"https:\/\/catechese.ch\/index.php?rest_route=\/wp\/v2\/users\/2"}],"replies":[{"embeddable":true,"href":"https:\/\/catechese.ch\/index.php?rest_route=%2Fwp%2Fv2%2Fcomments&post=64"}],"version-history":[{"count":45,"href":"https:\/\/catechese.ch\/index.php?rest_route=\/wp\/v2\/pages\/64\/revisions"}],"predecessor-version":[{"id":127,"href":"https:\/\/catechese.ch\/index.php?rest_route=\/wp\/v2\/pages\/64\/revisions\/127"}],"wp:attachment":[{"href":"https:\/\/catechese.ch\/index.php?rest_route=%2Fwp%2Fv2%2Fmedia&parent=64"}],"curies":[{"name":"wp","href":"https:\/\/api.w.org\/{rel}","templated":true}]}}